{"id":16225,"date":"2020-04-21T14:50:25","date_gmt":"2020-04-21T21:50:25","guid":{"rendered":"https:\/\/springs.flywheelstaging.com\/abogado-de-accidentes-de-peatones-en-fort-carson\/"},"modified":"2023-09-01T07:09:41","modified_gmt":"2023-09-01T14:09:41","slug":"abogado-de-accidentes-de-peatones-en-fort-carson","status":"publish","type":"page","link":"https:\/\/springslawgroup.com\/es\/fort-carson-lesiones-personales\/abogado-de-accidentes-de-peatones-en-fort-carson\/","title":{"rendered":"Abogado especializado en accidentes de peatones de Fort Carson"},"content":{"rendered":"<p>Despu\u00e9s de que alguien sufre un atropello por un automovilista negligente, la recuperaci\u00f3n puede implicar mucho m\u00e1s que el aspecto f\u00edsico. Seg\u00fan las circunstancias, este tipo de incidente tambi\u00e9n puede acarrear graves p\u00e9rdidas econ\u00f3micas, profesionales y personales. Adem\u00e1s, para recuperarse plenamente, la parte perjudicada quiz\u00e1s necesite la ayuda espec\u00edfica de un <a href=\"https:\/\/springslawgroup.com\/es\/fort-carson-lesiones-personales\/\">abogado experto en lesiones personales<\/a>.<\/p>\n<p>Nuestros abogados especializados en accidentes de peatones de Fort Carson podr\u00edan ayudarle si un conductor negligente le atropell\u00f3 con su autom\u00f3vil. Podr\u00edamos no solo demostrar la responsabilidad civil en su caso, sino tambi\u00e9n buscar la compensaci\u00f3n financiera adecuada por cada lesi\u00f3n y p\u00e9rdida que sufri\u00f3. Tambi\u00e9n podr\u00edamos trabajar para superar cualquier obst\u00e1culo que impida el progreso de su caso o deval\u00fae toda indemnizaci\u00f3n que merezca.<\/p>\n<h2>Lesiones y da\u00f1os indemnizables en accidentes de peatones<\/h2>\n<p>Cuando un autom\u00f3vil atropella a un peat\u00f3n, los resultados suelen ser devastadores, incluso si el impacto se produce a una velocidad relativamente baja. En muchos casos, una persona atropellada por un autom\u00f3vil puede sufrir discapacidades permanentes como par\u00e1lisis, da\u00f1os cerebrales y p\u00e9rdida de extremidades. Incluso las lesiones menos graves, como las fracturas \u00f3seas y las laceraciones cut\u00e1neas, pueden resultar incre\u00edblemente costosas de tratar y agonizantes para recuperarse.<\/p>\n<p>Cualquier lesi\u00f3n f\u00edsica que requiera atenci\u00f3n m\u00e9dica profesional puede ser la base de una demanda civil, siempre que el demandante tambi\u00e9n pueda demostrar que el demandado le deb\u00eda un deber de diligencia y que posteriormente incumpli\u00f3 ese deber, lo que caus\u00f3 directamente el incidente en cuesti\u00f3n. Un abogado especializado en accidentes de peatones de Fort Carson puede usar muchas formas diferentes de evidencia para demostrar estos criterios de negligencia legal, que incluyen el testimonio de testigos oculares, fotograf\u00edas y videos de la escena del accidente, el aporte de expertos en reconstrucci\u00f3n de accidentes y los informes policiales.<\/p>\n<p>Suponiendo que un abogado pueda demostrar la responsabilidad, puede obtenerse una indemnizaci\u00f3n por da\u00f1os econ\u00f3micos y no econ\u00f3micos mediante un veredicto judicial o un acuerdo privado. Las p\u00e9rdidas econ\u00f3micas recuperables pueden incluir gastos m\u00e9dicos, salarios perdidos y p\u00e9rdida de potencial de ingresos futuros. Los da\u00f1os no econ\u00f3micos suelen incluir angustia emocional, p\u00e9rdida del disfrute de la vida, discapacidad o desfiguraci\u00f3n, y dolor y sufrimiento f\u00edsicos.<\/p>\n<h2>Posibles limitaciones a la recuperaci\u00f3n en Fort Carson<\/h2>\n<p>De acuerdo con la Secci\u00f3n 10.2 del <a href=\"https:\/\/www.colorado.gov\/pacific\/sites\/default\/files\/DriverHandbook.pdf\" target=\"_blank\" rel=\"noopener\">Manual del Conductor de Colorado<\/a>, los conductores deben ceder el paso a los peatones en todo momento y bajo cualquier circunstancia. Sin embargo, si un demandado alega que un demandante no utilizaba la senda peatonal o salt\u00f3 repentinamente delante de su veh\u00edculo, el tribunal puede asignar al demandante un porcentaje de culpa y reducir en consecuencia su indemnizaci\u00f3n recuperable. Seg\u00fan el <a href=\"https:\/\/advance.lexis.com\/documentpage\/?pdmfid=1000516&amp;crid=b4d1460e-01f8-4fe0-b013-beefd2b9a273&amp;config=014FJAAyNGJkY2Y4Zi1mNjgyLTRkN2YtYmE4OS03NTYzNzYzOTg0OGEKAFBvZENhdGFsb2d592qv2Kywlf8caKqYROP5&amp;pddocfullpath=%2Fshared%2Fdocument%2Fstatutes-legislation%2Furn%3AcontentItem%3A5XPN-KF91-FFMK-M18T-00008-00&amp;pdcontentcomponentid=234176&amp;pdteaserkey=sr0&amp;pditab=allpods&amp;ecomp=tgw_kkk&amp;earg=sr0&amp;prid=84255d54-80a1-40aa-8a08-68f5eda4b96c\" target=\"_blank\" rel=\"noopener\">art\u00edculo 13-21-111 de los Estatutos Revisados de Colorado<\/a>, cualquier demandante que se declare culpable de sus lesiones en un 50% o m\u00e1s no tiene derecho a percibir indemnizaci\u00f3n alguna.<\/p>\n<p>Adem\u00e1s de ayudar a impugnar las acusaciones de culpa comparativa, un abogado de Fort Carson podr\u00eda ayudar a un demandante a presentar su caso de accidente de peat\u00f3n antes de que expire el plazo legal vigente. Las demandas por accidentes de peatones suelen estar sujetas a un plazo de prescripci\u00f3n de tres a\u00f1os en virtud del <a href=\"https:\/\/advance.lexis.com\/documentpage\/?pdmfid=1000516&amp;crid=a3861c9d-7bc6-4708-9d9f-5c0538781d5f&amp;config=014FJAAyNGJkY2Y4Zi1mNjgyLTRkN2YtYmE4OS03NTYzNzYzOTg0OGEKAFBvZENhdGFsb2d592qv2Kywlf8caKqYROP5&amp;pddocfullpath=%2Fshared%2Fdocument%2Fstatutes-legislation%2Furn%3AcontentItem%3A5XPN-KFB1-JWBS-6206-00008-00&amp;pdcontentcomponentid=234176&amp;pdteaserkey=sr0&amp;pditab=allpods&amp;ecomp=tgw_kkk&amp;earg=sr0&amp;prid=fa6010e8-3097-4f62-9008-499ba49b5f3b\" target=\"_blank\" rel=\"noopener\">art\u00edculo \u00a713-80-101 de los C.R.S.<\/a>, ya que en la mayor\u00eda de estos incidentes est\u00e1 implicado un autom\u00f3vil.<\/p>\n<h2>Discuta sus opciones legales con un abogado especializado en accidentes de peatones Fort Carson<\/h2>\n<p>Tomar medidas legales puede no ser una prioridad inmediatamente luego de un accidente de peatones, pero no considerar sus opciones legales podr\u00eda tener graves consecuencias. Sin una indemnizaci\u00f3n civil por sus p\u00e9rdidas, usted podr\u00eda cargar con la mayor parte de los costes financieros y personales del accidente, aunque no haya hecho nada para provocarlo.<\/p>\n<p>En lugar de dejar que las compa\u00f1\u00edas de seguros y los abogados defensores dicten su futuro, considere contratar a un abogado especializado en accidentes de peatones de Fort Carson que pueda defender sus derechos y velar por sus mejores intereses. Llame hoy, programe una consulta y discuta las posibles opciones para su caso.<\/p>\n","protected":false},"excerpt":{"rendered":"<p>Despu\u00e9s de que alguien sufre un atropello por un automovilista negligente, la recuperaci\u00f3n puede implicar mucho m\u00e1s que el aspecto&nbsp;<a class=\"moretag\" href=\"https:\/\/springslawgroup.com\/es\/fort-carson-lesiones-personales\/abogado-de-accidentes-de-peatones-en-fort-carson\/\"> Read More&#8230;<\/a><\/p>\n","protected":false},"author":32,"featured_media":0,"parent":16343,"menu_order":0,"comment_status":"closed","ping_status":"closed","template":"landingpage.php","meta":{"_acf_changed":false,"inline_featured_image":false,"footnotes":""},"categories":[],"tags":[],"class_list":["post-16225","page","type-page","status-publish","hentry"],"acf":{"key_takeaways":null,"_litigation_personal_injury_contents_new":{"_litigation_personal_injury_title_new":"","_litigation_personal_injury_discription_new":"","_litigation_personal_injury_discription_new_copy":"","_litigation_video_url_new":"","add_button":false},"_header_sub_header_content_new":null,"_litigation_frequently_asked_questions_new":null,"lawsuit_updates":null,"_litigation_related_posts_relation":null,"acf-references":""},"_links":{"self":[{"href":"https:\/\/springslawgroup.com\/es\/wp-json\/wp\/v2\/pages\/16225","targetHints":{"allow":["GET"]}}],"collection":[{"href":"https:\/\/springslawgroup.com\/es\/wp-json\/wp\/v2\/pages"}],"about":[{"href":"https:\/\/springslawgroup.com\/es\/wp-json\/wp\/v2\/types\/page"}],"author":[{"embeddable":true,"href":"https:\/\/springslawgroup.com\/es\/wp-json\/wp\/v2\/users\/32"}],"replies":[{"embeddable":true,"href":"https:\/\/springslawgroup.com\/es\/wp-json\/wp\/v2\/comments?post=16225"}],"version-history":[{"count":2,"href":"https:\/\/springslawgroup.com\/es\/wp-json\/wp\/v2\/pages\/16225\/revisions"}],"predecessor-version":[{"id":17129,"href":"https:\/\/springslawgroup.com\/es\/wp-json\/wp\/v2\/pages\/16225\/revisions\/17129"}],"up":[{"embeddable":true,"href":"https:\/\/springslawgroup.com\/es\/wp-json\/wp\/v2\/pages\/16343"}],"wp:attachment":[{"href":"https:\/\/springslawgroup.com\/es\/wp-json\/wp\/v2\/media?parent=16225"}],"wp:term":[{"taxonomy":"category","embeddable":true,"href":"https:\/\/springslawgroup.com\/es\/wp-json\/wp\/v2\/categories?post=16225"},{"taxonomy":"post_tag","embeddable":true,"href":"https:\/\/springslawgroup.com\/es\/wp-json\/wp\/v2\/tags?post=16225"}],"curies":[{"name":"wp","href":"https:\/\/api.w.org\/{rel}","templated":true}]}}